{"id":156,"date":"2025-12-14T18:24:02","date_gmt":"2025-12-14T17:24:02","guid":{"rendered":"https:\/\/rink-bauservice.de\/?page_id=156"},"modified":"2025-12-18T13:12:11","modified_gmt":"2025-12-18T12:12:11","slug":"datenschutzerklaerung","status":"publish","type":"page","link":"https:\/\/rink-bauservice.de\/en\/datenschutzerklaerung\/","title":{"rendered":"Privacy Police"},"content":{"rendered":"<div data-elementor-type=\"wp-page\" data-elementor-id=\"156\" class=\"elementor elementor-156\">\n\t\t\t\t<div class=\"elementor-element elementor-element-2caa34f e-flex e-con-boxed e-con e-parent\" data-id=\"2caa34f\" data-element_type=\"container\">\n\t\t\t\t\t<div class=\"e-con-inner\">\n\t\t\t\t\t<\/div>\n\t\t\t\t<\/div>\n\t\t<div class=\"elementor-element elementor-element-e5b7ef2 e-flex e-con-boxed e-con e-parent\" data-id=\"e5b7ef2\" data-element_type=\"container\">\n\t\t\t\t\t<div class=\"e-con-inner\">\n\t\t\t\t<div class=\"elementor-element elementor-element-e6883b4 elementor-widget elementor-widget-text-editor\" data-id=\"e6883b4\" data-element_type=\"widget\" data-widget_type=\"text-editor.default\">\n\t\t\t\t\t\t\t\t\t<h2><strong>Privacy Police<\/strong><\/h2><h5><strong>1.<\/strong><strong>Datenschutz auf einen Blick<\/strong><\/h5><p><strong>Allgemeine Hinweise<\/strong><br \/>Die folgenden Hinweise geben einen einfachen \u00dcberblick dar\u00fcber, was mit Ihren personenbezogenen Daten passiert, wenn Sie diese Website besuchen.<br \/>Personenbezogene Daten sind alle Daten, mit denen Sie pers\u00f6nlich identifiziert werden k\u00f6nnen.<\/p><h5>2.<strong>Hinweis zur verantwortlichen Stelle<\/strong><\/h5><p>Verantwortliche Stelle ist:<\/p><p>Rink Bauservice<br \/>Inhaber: Wilhelm Rink<br \/>Am Ziegelstadel 2<br \/>86637 Villenbach<br \/>Deutschland<\/p><p>Telefon: +49 162 2799069<br \/>E-Mail: rink.wilhelm@gmx.de<\/p><h5>3.<strong>Ihre Rechte<\/strong><\/h5><p>Sie haben jederzeit das Recht auf:<\/p><ul><li>Auskunft gem\u00e4\u00df Art. 15 DSGVO<\/li><li>Berichtigung gem\u00e4\u00df Art. 16 DSGVO<\/li><li>L\u00f6schung gem\u00e4\u00df Art. 17 DSGVO<\/li><li>Einschr\u00e4nkung der Verarbeitung gem\u00e4\u00df Art. 18 DSGVO<\/li><li>Daten\u00fcbertragbarkeit gem\u00e4\u00df Art. 20 DSGVO<\/li><li>Widerspruch gem\u00e4\u00df Art. 21 DSGVO<\/li><\/ul><p>Zudem steht Ihnen ein Beschwerderecht bei der zust\u00e4ndigen Datenschutzaufsichtsbeh\u00f6rde zu.<\/p><h5>5. <strong>Datenerfassung auf dieser Website<\/strong><\/h5><h6><strong>a) Server-Log-Dateien<\/strong><\/h6><p>Der Provider der Seiten erhebt und speichert automatisch Informationen in sogenannten Server-Log-Dateien, die Ihr Browser automatisch \u00fcbermittelt.<\/p><p>Erfasst werden u. a.:<\/p><ul><li>Browsertyp und Browserversion<\/li><li>Betriebssystem<\/li><li>Referrer URL<\/li><li>Hostname des zugreifenden Rechners<\/li><li>Uhrzeit der Serveranfrage<\/li><li>IP-Adresse<\/li><\/ul><p>Die Verarbeitung erfolgt auf Grundlage von Art. 6 Abs. 1 lit. f DSGVO (berechtigtes Interesse an der sicheren und technisch fehlerfreien Bereitstellung der Website).<\/p><h6><strong>b) Kontaktformular<\/strong><\/h6><p>Wenn Sie uns per Kontaktformular Anfragen zukommen lassen, werden Ihre Angaben aus dem Formular inklusive der von Ihnen angegebenen Kontaktdaten zur Bearbeitung der Anfrage gespeichert.<\/p><p>Die Verarbeitung dieser Daten erfolgt auf Grundlage von<br \/>Art. 6 Abs. 1 lit. b DSGVO (vorvertragliche Ma\u00dfnahmen) oder<br \/>Art. 6 Abs. 1 lit. a DSGVO (Einwilligung).<\/p><p>Diese Daten geben wir nicht ohne Ihre Einwilligung weiter.<\/p><h6><strong>c) Kontaktaufnahme per E-Mail oder Telefon<\/strong><\/h6><p>Wenn Sie uns per E-Mail oder Telefon kontaktieren, werden Ihre Angaben zur Bearbeitung der Anfrage gespeichert.<br \/>Diese Daten werden nicht ohne Ihre Einwilligung weitergegeben.<\/p><h5><strong>5.Google Fonts<\/strong><\/h5><p>Derzeit sind Google Fonts lokal auf dieser Webseite eingebunden.<\/p><p>Es gilt aber auch folgendes:<br \/>Diese Website kann Google Fonts verwenden, die von Google bereitgestellt werden.<br \/>Google Fonts ist ein Dienst der Google Ireland Limited, Gordon House, Barrow Street, Dublin 4, Irland.<\/p><p>Zur einheitlichen Darstellung von Schriftarten l\u00e4dt Ihr Browser ggf. die ben\u00f6tigten Web Fonts direkt von Google-Servern.<br \/>Dabei kann Ihre IP-Adresse an Google \u00fcbermittelt werden.<\/p><p><strong>Hinweis:<\/strong><br \/>Auch wenn aktuell keine Google Fonts aktiv eingebunden sind, kann nicht ausgeschlossen werden, dass einzelne Plugins oder Themes Google Fonts nachladen.<\/p><p>Die Nutzung von Google Fonts erfolgt im Interesse einer einheitlichen und ansprechenden Darstellung unserer Website (Art. 6 Abs. 1 lit. f DSGVO).<\/p><p>Weitere Informationen finden Sie in der Datenschutzerkl\u00e4rung von Google.<\/p><h5><strong>6.Google Analytics<\/strong><\/h5><p>Diese Website nutzt Google Analytics, einen Webanalysedienst der Google Ireland Limited.<\/p><p>Google Analytics verwendet Cookies, die eine Analyse der Benutzung der Website erm\u00f6glichen.<br \/>Die durch Cookies erzeugten Informationen \u00fcber Ihre Benutzung dieser Website werden in der Regel an Server von Google \u00fcbertragen und dort gespeichert.<\/p><p>Die Nutzung von Google Analytics erfolgt <strong>nur nach Ihrer ausdr\u00fccklichen Einwilligung<\/strong> gem\u00e4\u00df Art. 6 Abs. 1 lit. a DSGVO.<\/p><p>Wir haben die <strong>IP-Anonymisierung<\/strong> aktiviert, sodass Ihre IP-Adresse von Google innerhalb der EU gek\u00fcrzt wird.<\/p><p>Sie k\u00f6nnen Ihre Einwilligung jederzeit \u00fcber das Cookie-Banner widerrufen.<\/p><h5><strong>7.Cookies<\/strong><\/h5><p>Unsere Website verwendet Cookies.<br \/>Cookies sind kleine Textdateien, die auf Ihrem Endger\u00e4t gespeichert werden.<\/p><p>Technisch notwendige Cookies werden auf Grundlage von Art. 6 Abs. 1 lit. f DSGVO gespeichert.<br \/>Andere Cookies (z. B. f\u00fcr Analysezwecke) werden nur mit Ihrer Einwilligung gesetzt.<\/p><h5><strong>8.SSL- bzw. TLS-Verschl\u00fcsselung<\/strong><\/h5><p>Diese Seite nutzt aus Sicherheitsgr\u00fcnden eine SSL- bzw. TLS-Verschl\u00fcsselung.<br \/>Eine verschl\u00fcsselte Verbindung erkennen Sie an \u201ehttps:\/\/\u201c in der Adresszeile Ihres Browsers.<\/p><h5><strong>9.Externe Links<\/strong><\/h5><p>Unsere Website enth\u00e4lt Links zu externen Websites Dritter.<br \/>F\u00fcr die Inhalte und den Datenschutz dieser externen Seiten \u00fcbernehmen wir keine Verantwortung.<\/p><p><strong>9.1 Externe Links zu Kleinanzeigen.de<\/strong><\/p><p data-start=\"226\" data-end=\"402\">Auf unserer Website verwenden wir das offizielle Logo von Kleinanzeigen.de als <strong data-start=\"305\" data-end=\"333\">lokal eingebundenes Bild<\/strong>, das auf unser Unternehmensprofil bei Kleinanzeigen.de verlinkt ist.<\/p><p data-start=\"404\" data-end=\"628\">Beim Anklicken dieses Links werden Sie auf die Website von Kleinanzeigen.de weitergeleitet.<br data-start=\"495\" data-end=\"498\" \/>Dabei verlassen Sie unsere Website. Auf die Verarbeitung personenbezogener Daten durch Kleinanzeigen.de haben wir keinen Einfluss.<\/p><p data-start=\"630\" data-end=\"806\">F\u00fcr den Datenschutz und die Inhalte der verlinkten Seite ist ausschlie\u00dflich der jeweilige Anbieter verantwortlich.<br data-start=\"744\" data-end=\"747\" \/>Es gelten die Datenschutzbestimmungen von Kleinanzeigen.de.<br \/><br \/><\/p><h5 data-start=\"1569\" data-end=\"1584\">10.Google Maps<\/h5><p data-start=\"1586\" data-end=\"1795\">Auf unserer Website ist Google Maps eingebunden, um den Standort unseres Unternehmens darzustellen.<br data-start=\"1685\" data-end=\"1688\" \/>Google Maps ist ein Kartendienst der Google Ireland Limited, Gordon House, Barrow Street, Dublin 4, Irland.<\/p><p data-start=\"1797\" data-end=\"2013\">Beim Aufruf einer Seite mit eingebetteter Google Maps-Karte wird eine Verbindung zu den Servern von Google hergestellt. Dabei k\u00f6nnen personenbezogene Daten, insbesondere Ihre IP-Adresse, an Google \u00fcbermittelt werden.<\/p><p data-start=\"2015\" data-end=\"2344\">Die Nutzung von Google Maps erfolgt im Interesse einer ansprechenden Darstellung unserer Website sowie an einer leichten Auffindbarkeit unseres Unternehmens (Art. 6 Abs. 1 lit. f DSGVO).<br data-start=\"2201\" data-end=\"2204\" \/>Sofern eine entsprechende Einwilligung abgefragt wird, erfolgt die Verarbeitung ausschlie\u00dflich auf Grundlage von Art. 6 Abs. 1 lit. a DSGVO.<\/p><h5 data-start=\"630\" data-end=\"806\"><strong>11.\u00c4nderung dieser Datenschutzerkl\u00e4rung<\/strong><\/h5><p>Wir behalten uns vor, diese Datenschutzerkl\u00e4rung anzupassen, um sie an ge\u00e4nderte rechtliche Anforderungen oder \u00c4nderungen der Website anzupassen.<\/p>\t\t\t\t\t\t\t\t<\/div>\n\t\t\t\t\t<\/div>\n\t\t\t\t<\/div>\n\t\t<div class=\"elementor-element elementor-element-1d9fb1c e-flex e-con-boxed e-con e-parent\" data-id=\"1d9fb1c\" data-element_type=\"container\">\n\t\t\t\t\t<div class=\"e-con-inner\">\n\t\t<div class=\"elementor-element elementor-element-fb46cc7 e-con-full e-flex e-con e-child\" data-id=\"fb46cc7\" data-element_type=\"container\">\n\t\t\t\t<\/div>\n\t\t\t\t\t<\/div>\n\t\t\t\t<\/div>\n\t\t\t\t<\/div>","protected":false},"excerpt":{"rendered":"<p>Datenschutzerkl\u00e4rung 1.Datenschutz auf einen Blick Allgemeine HinweiseDie folgenden Hinweise geben einen einfachen \u00dcberblick dar\u00fcber, was mit Ihren personenbezogenen Daten passiert, wenn Sie diese Website besuchen.Personenbezogene Daten sind alle Daten, mit denen Sie pers\u00f6nlich identifiziert werden k\u00f6nnen. 2.Hinweis zur verantwortlichen Stelle Verantwortliche Stelle ist: Rink BauserviceInhaber: Wilhelm RinkAm Ziegelstadel 286637 VillenbachDeutschland Telefon: +49 162 2799069E-Mail: rink.wilhelm@gmx.de [&hellip;]<\/p>","protected":false},"author":1,"featured_media":0,"parent":0,"menu_order":0,"comment_status":"closed","ping_status":"closed","template":"elementor_header_footer","meta":{"footnotes":""},"class_list":["post-156","page","type-page","status-publish","hentry"],"blocksy_meta":[],"_hostinger_reach_plugin_has_subscription_block":false,"_hostinger_reach_plugin_is_elementor":false,"_links":{"self":[{"href":"https:\/\/rink-bauservice.de\/en\/wp-json\/wp\/v2\/pages\/156","targetHints":{"allow":["GET"]}}],"collection":[{"href":"https:\/\/rink-bauservice.de\/en\/wp-json\/wp\/v2\/pages"}],"about":[{"href":"https:\/\/rink-bauservice.de\/en\/wp-json\/wp\/v2\/types\/page"}],"author":[{"embeddable":true,"href":"https:\/\/rink-bauservice.de\/en\/wp-json\/wp\/v2\/users\/1"}],"replies":[{"embeddable":true,"href":"https:\/\/rink-bauservice.de\/en\/wp-json\/wp\/v2\/comments?post=156"}],"version-history":[{"count":34,"href":"https:\/\/rink-bauservice.de\/en\/wp-json\/wp\/v2\/pages\/156\/revisions"}],"predecessor-version":[{"id":289,"href":"https:\/\/rink-bauservice.de\/en\/wp-json\/wp\/v2\/pages\/156\/revisions\/289"}],"wp:attachment":[{"href":"https:\/\/rink-bauservice.de\/en\/wp-json\/wp\/v2\/media?parent=156"}],"curies":[{"name":"wp","href":"https:\/\/api.w.org\/{rel}","templated":true}]}}