{"id":161,"date":"2025-12-14T18:24:10","date_gmt":"2025-12-14T17:24:10","guid":{"rendered":"https:\/\/rink-bauservice.de\/?page_id=161"},"modified":"2025-12-18T09:10:25","modified_gmt":"2025-12-18T08:10:25","slug":"impressum","status":"publish","type":"page","link":"https:\/\/rink-bauservice.de\/en\/impressum\/","title":{"rendered":"Imprint"},"content":{"rendered":"<div data-elementor-type=\"wp-page\" data-elementor-id=\"161\" class=\"elementor elementor-161\">\n\t\t\t\t<div class=\"elementor-element elementor-element-7c7a5ab e-flex e-con-boxed e-con e-parent\" data-id=\"7c7a5ab\" data-element_type=\"container\">\n\t\t\t\t\t<div class=\"e-con-inner\">\n\t\t<div class=\"elementor-element elementor-element-e91085b e-con-full e-flex e-con e-child\" data-id=\"e91085b\" data-element_type=\"container\">\n\t\t\t\t<\/div>\n\t\t\t\t<div class=\"elementor-element elementor-element-3272a8f elementor-widget elementor-widget-text-editor\" data-id=\"3272a8f\" data-element_type=\"widget\" data-widget_type=\"text-editor.default\">\n\t\t\t\t\t\t\t\t\t<h2 data-start=\"217\" data-end=\"229\"><span style=\"text-decoration: underline;\"><strong>Imprint<\/strong><\/span><\/h2><p data-start=\"231\" data-end=\"256\"><strong data-start=\"231\" data-end=\"256\">Angaben gem\u00e4\u00df \u00a7 5 TMG<\/strong><\/p><p data-start=\"258\" data-end=\"350\">Rink Bauservice<br data-start=\"273\" data-end=\"276\" \/>Inhaber: Wilhelm Rink<br data-start=\"297\" data-end=\"300\" \/>Am Ziegelstadel 2<br data-start=\"317\" data-end=\"320\" \/>86637 Villenbach<br data-start=\"336\" data-end=\"339\" \/>Deutschland<\/p><p data-start=\"352\" data-end=\"421\"><strong data-start=\"352\" data-end=\"364\">Kontakt:<\/strong><br data-start=\"364\" data-end=\"367\" \/>Telefon: +49 162 2799069<br data-start=\"391\" data-end=\"394\" \/>E-Mail: <a class=\"decorated-link cursor-pointer\" rel=\"noopener\" data-start=\"402\" data-end=\"421\">rink.wilhelm@gmx.de<\/a><\/p><p data-start=\"423\" data-end=\"477\"><strong data-start=\"423\" data-end=\"447\">Steuerliche Angaben:<\/strong><br data-start=\"447\" data-end=\"450\" \/>Steuernummer: 109\/263\/00372<br \/><br \/><\/p><h3 data-start=\"703\" data-end=\"762\"><strong data-start=\"707\" data-end=\"762\">Verantwortlich f\u00fcr den Inhalt nach \u00a7 55 Abs. 2 RStV:<\/strong><\/h3><p data-start=\"423\" data-end=\"477\">Wilhelm Rink<br data-start=\"297\" data-end=\"300\" \/>Am Ziegelstadel 2<br data-start=\"317\" data-end=\"320\" \/>86637 Villenbach<br data-start=\"336\" data-end=\"339\" \/>Deutschland<\/p><h3 data-start=\"703\" data-end=\"762\"><strong data-start=\"707\" data-end=\"762\">Technische Umsetzung und Design:<\/strong><strong><br \/><\/strong><\/h3><p data-start=\"703\" data-end=\"762\">Matthias Alt<br \/>Breitfurter Weg 11<br \/>99610 S\u00f6mmerda<\/p><hr data-start=\"479\" data-end=\"482\" \/><h2 data-start=\"484\" data-end=\"518\">Haftungsausschluss (Disclaimer)<\/h2><h3 data-start=\"520\" data-end=\"545\">Haftung f\u00fcr Inhalte<\/h3><p data-start=\"546\" data-end=\"903\">Als Diensteanbieter sind wir gem\u00e4\u00df \u00a7 7 Abs.1 TMG f\u00fcr eigene Inhalte auf diesen Seiten nach den allgemeinen Gesetzen verantwortlich.<br data-start=\"677\" data-end=\"680\" \/>Nach \u00a7\u00a7 8 bis 10 TMG sind wir als Diensteanbieter jedoch nicht verpflichtet, \u00fcbermittelte oder gespeicherte fremde Informationen zu \u00fcberwachen oder nach Umst\u00e4nden zu forschen, die auf eine rechtswidrige T\u00e4tigkeit hinweisen.<\/p><p data-start=\"905\" data-end=\"1257\">Verpflichtungen zur Entfernung oder Sperrung der Nutzung von Informationen nach den allgemeinen Gesetzen bleiben hiervon unber\u00fchrt.<br data-start=\"1036\" data-end=\"1039\" \/>Eine diesbez\u00fcgliche Haftung ist jedoch erst ab dem Zeitpunkt der Kenntnis einer konkreten Rechtsverletzung m\u00f6glich.<br data-start=\"1154\" data-end=\"1157\" \/>Bei Bekanntwerden von entsprechenden Rechtsverletzungen werden wir diese Inhalte umgehend entfernen.<\/p><hr data-start=\"1259\" data-end=\"1262\" \/><h3 data-start=\"1264\" data-end=\"1287\">Haftung f\u00fcr Links<\/h3><p data-start=\"1288\" data-end=\"1582\">Unser Angebot enth\u00e4lt Links zu externen Websites Dritter, auf deren Inhalte wir keinen Einfluss haben.<br data-start=\"1390\" data-end=\"1393\" \/>Deshalb k\u00f6nnen wir f\u00fcr diese fremden Inhalte auch keine Gew\u00e4hr \u00fcbernehmen.<br data-start=\"1467\" data-end=\"1470\" \/>F\u00fcr die Inhalte der verlinkten Seiten ist stets der jeweilige Anbieter oder Betreiber der Seiten verantwortlich.<\/p><p data-start=\"1584\" data-end=\"1986\">Die verlinkten Seiten wurden zum Zeitpunkt der Verlinkung auf m\u00f6gliche Rechtsverst\u00f6\u00dfe \u00fcberpr\u00fcft.<br data-start=\"1680\" data-end=\"1683\" \/>Rechtswidrige Inhalte waren zum Zeitpunkt der Verlinkung nicht erkennbar.<br data-start=\"1756\" data-end=\"1759\" \/>Eine permanente inhaltliche Kontrolle der verlinkten Seiten ist jedoch ohne konkrete Anhaltspunkte einer Rechtsverletzung nicht zumutbar.<br data-start=\"1896\" data-end=\"1899\" \/>Bei Bekanntwerden von Rechtsverletzungen werden wir derartige Links umgehend entfernen.<\/p><hr data-start=\"1988\" data-end=\"1991\" \/><h3 data-start=\"1993\" data-end=\"2011\">Urheberrecht<\/h3><p data-start=\"2012\" data-end=\"2323\">Die durch den Seitenbetreiber erstellten Inhalte und Werke auf diesen Seiten unterliegen dem deutschen Urheberrecht.<br data-start=\"2128\" data-end=\"2131\" \/>Die Vervielf\u00e4ltigung, Bearbeitung, Verbreitung und jede Art der Verwertung au\u00dferhalb der Grenzen des Urheberrechtes bed\u00fcrfen der schriftlichen Zustimmung des jeweiligen Autors bzw. Erstellers.<\/p><p data-start=\"2325\" data-end=\"2795\">Downloads und Kopien dieser Seite sind nur f\u00fcr den privaten, nicht kommerziellen Gebrauch gestattet.<br data-start=\"2425\" data-end=\"2428\" \/>Soweit die Inhalte auf dieser Seite nicht vom Betreiber erstellt wurden, werden die Urheberrechte Dritter beachtet und entsprechende Inhalte gekennzeichnet.<br data-start=\"2584\" data-end=\"2587\" \/>Sollten Sie trotzdem auf eine Urheberrechtsverletzung aufmerksam werden, bitten wir um einen entsprechenden Hinweis.<br data-start=\"2703\" data-end=\"2706\" \/>Bei Bekanntwerden von Rechtsverletzungen werden wir derartige Inhalte umgehend entfernen.<\/p>\t\t\t\t\t\t\t\t<\/div>\n\t\t\t\t\t<\/div>\n\t\t\t\t<\/div>\n\t\t<div class=\"elementor-element elementor-element-7a585d7 e-flex e-con-boxed e-con e-parent\" data-id=\"7a585d7\" data-element_type=\"container\">\n\t\t\t\t\t<div class=\"e-con-inner\">\n\t\t\t\t\t<\/div>\n\t\t\t\t<\/div>\n\t\t\t\t<\/div>","protected":false},"excerpt":{"rendered":"<p>Impressum Angaben gem\u00e4\u00df \u00a7 5 TMG Rink BauserviceInhaber: Wilhelm RinkAm Ziegelstadel 286637 VillenbachDeutschland Kontakt:Telefon: +49 162 2799069E-Mail: rink.wilhelm@gmx.de Steuerliche Angaben:Steuernummer: 109\/263\/00372 Verantwortlich f\u00fcr den Inhalt nach \u00a7 55 Abs. 2 RStV: Wilhelm RinkAm Ziegelstadel 286637 VillenbachDeutschland Technische Umsetzung und Design: Matthias AltBreitfurter Weg 1199610 S\u00f6mmerda Haftungsausschluss (Disclaimer) Haftung f\u00fcr Inhalte Als Diensteanbieter sind wir gem\u00e4\u00df [&hellip;]<\/p>","protected":false},"author":1,"featured_media":0,"parent":0,"menu_order":0,"comment_status":"closed","ping_status":"closed","template":"elementor_header_footer","meta":{"footnotes":""},"class_list":["post-161","page","type-page","status-publish","hentry"],"blocksy_meta":[],"_hostinger_reach_plugin_has_subscription_block":false,"_hostinger_reach_plugin_is_elementor":false,"_links":{"self":[{"href":"https:\/\/rink-bauservice.de\/en\/wp-json\/wp\/v2\/pages\/161","targetHints":{"allow":["GET"]}}],"collection":[{"href":"https:\/\/rink-bauservice.de\/en\/wp-json\/wp\/v2\/pages"}],"about":[{"href":"https:\/\/rink-bauservice.de\/en\/wp-json\/wp\/v2\/types\/page"}],"author":[{"embeddable":true,"href":"https:\/\/rink-bauservice.de\/en\/wp-json\/wp\/v2\/users\/1"}],"replies":[{"embeddable":true,"href":"https:\/\/rink-bauservice.de\/en\/wp-json\/wp\/v2\/comments?post=161"}],"version-history":[{"count":25,"href":"https:\/\/rink-bauservice.de\/en\/wp-json\/wp\/v2\/pages\/161\/revisions"}],"predecessor-version":[{"id":233,"href":"https:\/\/rink-bauservice.de\/en\/wp-json\/wp\/v2\/pages\/161\/revisions\/233"}],"wp:attachment":[{"href":"https:\/\/rink-bauservice.de\/en\/wp-json\/wp\/v2\/media?parent=161"}],"curies":[{"name":"wp","href":"https:\/\/api.w.org\/{rel}","templated":true}]}}