{"id":166,"date":"2025-12-14T18:24:55","date_gmt":"2025-12-14T17:24:55","guid":{"rendered":"https:\/\/rink-bauservice.de\/?page_id=166"},"modified":"2025-12-20T16:49:17","modified_gmt":"2025-12-20T15:49:17","slug":"verleihservice","status":"publish","type":"page","link":"https:\/\/rink-bauservice.de\/en\/verleihservice\/","title":{"rendered":"Rental service"},"content":{"rendered":"<div data-elementor-type=\"wp-page\" data-elementor-id=\"166\" class=\"elementor elementor-166\">\n\t\t\t\t<div class=\"elementor-element elementor-element-080a989 e-flex e-con-boxed e-con e-parent\" data-id=\"080a989\" data-element_type=\"container\">\n\t\t\t\t\t<div class=\"e-con-inner\">\n\t\t\t\t<div class=\"elementor-element elementor-element-b9ad269 elementor-widget elementor-widget-image\" data-id=\"b9ad269\" data-element_type=\"widget\" data-widget_type=\"image.default\">\n\t\t\t\t\t\t\t\t\t\t\t\t\t\t\t<img decoding=\"async\" width=\"150\" height=\"150\" src=\"https:\/\/rink-bauservice.de\/wp-content\/uploads\/2025\/12\/df5ed56b-a40a-4105-862f-884e53276430-150x150.png\" class=\"attachment-thumbnail size-thumbnail wp-image-118\" alt=\"\" srcset=\"https:\/\/rink-bauservice.de\/wp-content\/uploads\/2025\/12\/df5ed56b-a40a-4105-862f-884e53276430-150x150.png 150w, https:\/\/rink-bauservice.de\/wp-content\/uploads\/2025\/12\/df5ed56b-a40a-4105-862f-884e53276430-300x300.png 300w, https:\/\/rink-bauservice.de\/wp-content\/uploads\/2025\/12\/df5ed56b-a40a-4105-862f-884e53276430-768x768.png 768w, https:\/\/rink-bauservice.de\/wp-content\/uploads\/2025\/12\/df5ed56b-a40a-4105-862f-884e53276430.png 1024w\" sizes=\"(max-width: 150px) 100vw, 150px\" \/>\t\t\t\t\t\t\t\t\t\t\t\t\t\t\t<\/div>\n\t\t<div class=\"elementor-element elementor-element-99055f5 e-con-full e-flex e-con e-child\" data-id=\"99055f5\" data-element_type=\"container\">\n\t\t<div class=\"elementor-element elementor-element-cb7d182 e-grid e-con-full e-con e-child\" data-id=\"cb7d182\" data-element_type=\"container\">\n\t\t<div class=\"elementor-element elementor-element-f6ed65e e-con-full e-flex e-con e-child\" data-id=\"f6ed65e\" data-element_type=\"container\">\n\t\t\t\t<div class=\"elementor-element elementor-element-c1a5a60 elementor-widget elementor-widget-text-editor\" data-id=\"c1a5a60\" data-element_type=\"widget\" data-widget_type=\"text-editor.default\">\n\t\t\t\t\t\t\t\t\t<p>Rental service<\/p>\t\t\t\t\t\t\t\t<\/div>\n\t\t\t\t<div class=\"elementor-element elementor-element-a8416ee elementor-widget elementor-widget-text-editor\" data-id=\"a8416ee\" data-element_type=\"widget\" data-widget_type=\"text-editor.default\">\n\t\t\t\t\t\t\t\t\t<p>In addition to our skilled trades services, we also offer a reliable rental service for construction machinery and equipment near Augsburg and in the district of Dillingen an der Donau.<br data-start=\"409\" data-end=\"412\" \/>Ob f\u00fcr Renovierung, Umbau, Abbruch oder Garten- und Landschaftsbau \u2013 bei uns finden Sie passende Maschinen f\u00fcr verschiedenste Einsatzbereiche.<\/p>\t\t\t\t\t\t\t\t<\/div>\n\t\t\t\t<\/div>\n\t\t\t\t<div class=\"elementor-element elementor-element-8ff67f4 elementor-widget elementor-widget-image\" data-id=\"8ff67f4\" data-element_type=\"widget\" data-widget_type=\"image.default\">\n\t\t\t\t\t\t\t\t\t\t\t\t\t\t\t<img fetchpriority=\"high\" decoding=\"async\" width=\"1024\" height=\"683\" src=\"https:\/\/rink-bauservice.de\/wp-content\/uploads\/2025\/12\/pexels-christina99999-30237897-1024x683.jpg\" class=\"attachment-large size-large wp-image-449\" alt=\"\" srcset=\"https:\/\/rink-bauservice.de\/wp-content\/uploads\/2025\/12\/pexels-christina99999-30237897-1024x683.jpg 1024w, https:\/\/rink-bauservice.de\/wp-content\/uploads\/2025\/12\/pexels-christina99999-30237897-300x200.jpg 300w, https:\/\/rink-bauservice.de\/wp-content\/uploads\/2025\/12\/pexels-christina99999-30237897-768x512.jpg 768w, https:\/\/rink-bauservice.de\/wp-content\/uploads\/2025\/12\/pexels-christina99999-30237897-1536x1024.jpg 1536w, https:\/\/rink-bauservice.de\/wp-content\/uploads\/2025\/12\/pexels-christina99999-30237897-2048x1365.jpg 2048w, https:\/\/rink-bauservice.de\/wp-content\/uploads\/2025\/12\/pexels-christina99999-30237897-18x12.jpg 18w\" sizes=\"(max-width: 1024px) 100vw, 1024px\" \/>\t\t\t\t\t\t\t\t\t\t\t\t\t\t\t<\/div>\n\t\t\t\t<\/div>\n\t\t\t\t<\/div>\n\t\t\t\t<div class=\"elementor-element elementor-element-ca16e97 elementor-widget elementor-widget-text-editor\" data-id=\"ca16e97\" data-element_type=\"widget\" data-widget_type=\"text-editor.default\">\n\t\t\t\t\t\t\t\t\t<p data-start=\"270\" data-end=\"558\">\u00a0<\/p><p data-start=\"560\" data-end=\"600\"><strong>Unser Mietangebot umfasst unter anderem:\nOur rental offer includes, among other things:<\/strong><\/p><ul data-start=\"601\" data-end=\"801\"><li data-start=\"601\" data-end=\"649\"><p data-start=\"603\" data-end=\"649\">Machines for demolition and dismantling work<\/p><\/li><li data-start=\"650\" data-end=\"701\"><p data-start=\"652\" data-end=\"701\">Equipment for screed, concrete and tiling work (e.g. tile cutters)<\/p><\/li><li data-start=\"702\" data-end=\"749\"><p data-start=\"704\" data-end=\"749\">Tools for interior and exterior renovations (e.g., paving saw)<\/p><\/li><li data-start=\"750\" data-end=\"801\"><p data-start=\"752\" data-end=\"801\">Technology for landscaping and general construction projects<\/p><\/li><\/ul><p data-start=\"803\" data-end=\"993\">All machines are regularly serviced, ready for use and can be rented on a short- or long-term basis \u2013 ideal for private builders as well as commercial customers.<\/p>\t\t\t\t\t\t\t\t<\/div>\n\t\t<div class=\"elementor-element elementor-element-29e016e e-con-full e-flex e-con e-child\" data-id=\"29e016e\" data-element_type=\"container\">\n\t\t\t\t<\/div>\n\t\t\t\t<div class=\"elementor-element elementor-element-75a0328 elementor-widget elementor-widget-text-editor\" data-id=\"75a0328\" data-element_type=\"widget\" data-widget_type=\"text-editor.default\">\n\t\t\t\t\t\t\t\t\t<p>\ud83d\udc49 <strong data-start=\"998\" data-end=\"1089\">You can find currently available machines and equipment in our classifieds overview:<\/strong><\/p>\t\t\t\t\t\t\t\t<\/div>\n\t\t\t\t\t<\/div>\n\t\t\t\t<\/div>\n\t\t<div class=\"elementor-element elementor-element-dafbbf4 e-flex e-con-boxed e-con e-parent\" data-id=\"dafbbf4\" data-element_type=\"container\">\n\t\t\t\t\t<div class=\"e-con-inner\">\n\t\t\t\t<div class=\"elementor-element elementor-element-40fe69e elementor-widget elementor-widget-image\" data-id=\"40fe69e\" data-element_type=\"widget\" data-widget_type=\"image.default\">\n\t\t\t\t\t\t\t\t\t\t\t\t\t\t\t\t<a href=\"https:\/\/www.kleinanzeigen.de\/s-bestandsliste.html?userId=23974644\" target=\"_blank\" rel=\"noopener\">\n\t\t\t\t\t\t\t<img decoding=\"async\" width=\"300\" height=\"78\" src=\"https:\/\/rink-bauservice.de\/wp-content\/uploads\/2025\/12\/ka_horizontal_lightgreen_rgb-300x78.png\" class=\"attachment-medium size-medium wp-image-100\" alt=\"\" srcset=\"https:\/\/rink-bauservice.de\/wp-content\/uploads\/2025\/12\/ka_horizontal_lightgreen_rgb-300x78.png 300w, https:\/\/rink-bauservice.de\/wp-content\/uploads\/2025\/12\/ka_horizontal_lightgreen_rgb-1024x266.png 1024w, https:\/\/rink-bauservice.de\/wp-content\/uploads\/2025\/12\/ka_horizontal_lightgreen_rgb-768x199.png 768w, https:\/\/rink-bauservice.de\/wp-content\/uploads\/2025\/12\/ka_horizontal_lightgreen_rgb-1536x399.png 1536w, https:\/\/rink-bauservice.de\/wp-content\/uploads\/2025\/12\/ka_horizontal_lightgreen_rgb-2048x532.png 2048w\" sizes=\"(max-width: 300px) 100vw, 300px\" \/>\t\t\t\t\t\t\t\t<\/a>\n\t\t\t\t\t\t\t\t\t\t\t\t\t\t\t<\/div>\n\t\t\t\t\t<\/div>\n\t\t\t\t<\/div>\n\t\t<div class=\"elementor-element elementor-element-1ec2b1c e-flex e-con-boxed e-con e-parent\" data-id=\"1ec2b1c\" data-element_type=\"container\">\n\t\t\t\t\t<div class=\"e-con-inner\">\n\t\t\t\t<div class=\"elementor-element elementor-element-bedb11f elementor-widget elementor-widget-image\" data-id=\"bedb11f\" data-element_type=\"widget\" data-widget_type=\"image.default\">\n\t\t\t\t\t\t\t\t\t\t\t\t\t\t\t<img decoding=\"async\" width=\"150\" height=\"150\" src=\"https:\/\/rink-bauservice.de\/wp-content\/uploads\/2025\/12\/df5ed56b-a40a-4105-862f-884e53276430-150x150.png\" class=\"attachment-thumbnail size-thumbnail wp-image-118\" alt=\"\" srcset=\"https:\/\/rink-bauservice.de\/wp-content\/uploads\/2025\/12\/df5ed56b-a40a-4105-862f-884e53276430-150x150.png 150w, https:\/\/rink-bauservice.de\/wp-content\/uploads\/2025\/12\/df5ed56b-a40a-4105-862f-884e53276430-300x300.png 300w, https:\/\/rink-bauservice.de\/wp-content\/uploads\/2025\/12\/df5ed56b-a40a-4105-862f-884e53276430-768x768.png 768w, https:\/\/rink-bauservice.de\/wp-content\/uploads\/2025\/12\/df5ed56b-a40a-4105-862f-884e53276430.png 1024w\" sizes=\"(max-width: 150px) 100vw, 150px\" \/>\t\t\t\t\t\t\t\t\t\t\t\t\t\t\t<\/div>\n\t\t<div class=\"elementor-element elementor-element-d95dc3d e-con-full e-flex e-con e-child\" data-id=\"d95dc3d\" data-element_type=\"container\">\n\t\t\t\t<\/div>\n\t\t\t\t\t<\/div>\n\t\t\t\t<\/div>\n\t\t\t\t<\/div>","protected":false},"excerpt":{"rendered":"<p>Verleihservice Neben unseren handwerklichen Leistungen bieten wir auch einen zuverl\u00e4ssigen Verleih von Baumaschinen und Bauger\u00e4ten an, in der N\u00e4he von Augsburg sowie im Landkreis Dillingen an der Donau.Ob f\u00fcr Renovierung, Umbau, Abbruch oder Garten- und Landschaftsbau \u2013 bei uns finden Sie passende Maschinen f\u00fcr verschiedenste Einsatzbereiche. \u00a0 Unser Mietangebot umfasst unter anderem: Maschinen f\u00fcr Abbruch- [&hellip;]<\/p>","protected":false},"author":1,"featured_media":0,"parent":0,"menu_order":0,"comment_status":"closed","ping_status":"closed","template":"elementor_header_footer","meta":{"footnotes":""},"class_list":["post-166","page","type-page","status-publish","hentry"],"blocksy_meta":[],"_hostinger_reach_plugin_has_subscription_block":false,"_hostinger_reach_plugin_is_elementor":false,"_links":{"self":[{"href":"https:\/\/rink-bauservice.de\/en\/wp-json\/wp\/v2\/pages\/166","targetHints":{"allow":["GET"]}}],"collection":[{"href":"https:\/\/rink-bauservice.de\/en\/wp-json\/wp\/v2\/pages"}],"about":[{"href":"https:\/\/rink-bauservice.de\/en\/wp-json\/wp\/v2\/types\/page"}],"author":[{"embeddable":true,"href":"https:\/\/rink-bauservice.de\/en\/wp-json\/wp\/v2\/users\/1"}],"replies":[{"embeddable":true,"href":"https:\/\/rink-bauservice.de\/en\/wp-json\/wp\/v2\/comments?post=166"}],"version-history":[{"count":46,"href":"https:\/\/rink-bauservice.de\/en\/wp-json\/wp\/v2\/pages\/166\/revisions"}],"predecessor-version":[{"id":519,"href":"https:\/\/rink-bauservice.de\/en\/wp-json\/wp\/v2\/pages\/166\/revisions\/519"}],"wp:attachment":[{"href":"https:\/\/rink-bauservice.de\/en\/wp-json\/wp\/v2\/media?parent=166"}],"curies":[{"name":"wp","href":"https:\/\/api.w.org\/{rel}","templated":true}]}}